{"id":574,"date":"2025-10-09T12:45:20","date_gmt":"2025-10-09T12:45:20","guid":{"rendered":"https:\/\/longevity.ee\/?page_id=574"},"modified":"2025-10-16T07:21:20","modified_gmt":"2025-10-16T07:21:20","slug":"parkimine","status":"publish","type":"page","link":"https:\/\/longevity.ee\/en\/parkimine\/","title":{"rendered":"Parking"},"content":{"rendered":"<p><strong>Venue:<\/strong> Meistri 22, Tallinn (4th floor)<br><strong>T\u00e4htis:<\/strong> On-site parking at Meistri 22 is <strong>very limited and higher-priced.<\/strong><br>For an easier and cheaper experience, please use the parkling lot <strong>100m away<\/strong>:<\/p>\n\n\n\n<p><strong>Recommended lot (2\u20133 min walk):<\/strong><br><strong>EuroPark \u2013 Ehitajate tee 114a, zone EP367<\/strong><br><a href=\"https:\/\/maps.app.goo.gl\/BdrQkxEwqttX64Fj7\">Open in Google Maps<\/a><\/p>\n\n\n\n<hr class=\"wp-block-separator has-alpha-channel-opacity\"\/>\n\n\n\n<h2 class=\"wp-block-heading\">Mobile app parking (foreigners)<\/h2>\n\n\n\n<p><strong>Park at Ehitajate tee 114a (EP367)<\/strong> and pay <strong>with the EuroPark \/ Parkman \/ Pargi.ee app (need to download, free)<\/strong> by bank card (works with foreign numbers).<\/p>\n\n\n\n<hr class=\"wp-block-separator has-alpha-channel-opacity\"\/>\n\n\n\n<h2 class=\"wp-block-heading\">SMS parking EP367 (estonian numbers)<\/h2>\n\n\n\n<p><strong>Suitable only with Estonian mobilenumbers.<\/strong> If you\u2019re visiting from outside Tallinn (but have Estonian number) and haven\u2019t used m-parking before, follow these steps:<\/p>\n\n\n\n<p><strong>Start parking<\/strong><br>Text this message to <strong>1902<\/strong>:<\/p>\n\n\n\n<pre class=\"wp-block-code\"><code>123ABC EP367\n<\/code><\/pre>\n\n\n\n<p>Replace <code>123ABC<\/code> with your car\u2019s registration number (no hyphens\/spaces). You\u2019ll receive a confirmation SMS.<\/p>\n\n\n\n<p><strong>Stop parking<\/strong><br>Text this message to <strong>1903<\/strong>:<\/p>\n\n\n\n<pre class=\"wp-block-code\"><code>STOP 123ABC\n<\/code><\/pre>\n\n\n\n<p>You\u2019ll receive a stop confirmation.<br>(If you started with a fixed end time in an app or machine, the session ends automatically \u2014 but with SMS start\/stop, remember to send the <strong>STOP<\/strong> message.)<\/p>\n\n\n\n<p><strong>Tips<\/strong><\/p>\n\n\n\n<ul class=\"wp-block-list\">\n<li>Always double-check the zone code on the sign (<strong>EP367<\/strong>).<\/li>\n\n\n\n<li>To switch zones or cars, STOP the current session first, then start a new one.<\/li>\n\n\n\n<li>Parking fees appear on your <strong>mobile bill<\/strong>.<\/li>\n<\/ul>","protected":false},"excerpt":{"rendered":"<p>Asukoht: Meistri 22, Tallinn (IV korrus)T\u00e4htis: Meistri 22 hoone juures on v\u00e4he parkimiskohti ja k\u00f5rgemad hinnad.Soovitame kasutada mugavamat ja soodsamat parklat vaid 100 m kaugusel: Soovitatav parkla (2\u20133 min jalutusk\u00e4ik):EuroPark \u2013 Ehitajate tee 114a, tsoon EP367Vaata Google Mapsist \u00c4piga parkimine Parkige Ehitajate tee 114a (EP367) ja makske EuroPark \/ Parkman \/ Pargi.ee \u00e4piga pangakaardiga (toimib [&hellip;]<\/p>\n","protected":false},"author":1,"featured_media":0,"parent":0,"menu_order":0,"comment_status":"closed","ping_status":"closed","template":"page-with-title","meta":{"_monsterinsights_skip_tracking":false,"_monsterinsights_sitenote_active":false,"_monsterinsights_sitenote_note":"","_monsterinsights_sitenote_category":0,"footnotes":""},"class_list":["post-574","page","type-page","status-publish","hentry"],"aioseo_notices":[],"jetpack_sharing_enabled":true,"_links":{"self":[{"href":"https:\/\/longevity.ee\/en\/wp-json\/wp\/v2\/pages\/574","targetHints":{"allow":["GET"]}}],"collection":[{"href":"https:\/\/longevity.ee\/en\/wp-json\/wp\/v2\/pages"}],"about":[{"href":"https:\/\/longevity.ee\/en\/wp-json\/wp\/v2\/types\/page"}],"author":[{"embeddable":true,"href":"https:\/\/longevity.ee\/en\/wp-json\/wp\/v2\/users\/1"}],"replies":[{"embeddable":true,"href":"https:\/\/longevity.ee\/en\/wp-json\/wp\/v2\/comments?post=574"}],"version-history":[{"count":3,"href":"https:\/\/longevity.ee\/en\/wp-json\/wp\/v2\/pages\/574\/revisions"}],"predecessor-version":[{"id":677,"href":"https:\/\/longevity.ee\/en\/wp-json\/wp\/v2\/pages\/574\/revisions\/677"}],"wp:attachment":[{"href":"https:\/\/longevity.ee\/en\/wp-json\/wp\/v2\/media?parent=574"}],"curies":[{"name":"wp","href":"https:\/\/api.w.org\/{rel}","templated":true}]}}