{"id":519,"date":"2025-09-23T10:14:17","date_gmt":"2025-09-23T10:14:17","guid":{"rendered":"https:\/\/longevity.ee\/?page_id=519"},"modified":"2025-10-20T11:17:54","modified_gmt":"2025-10-20T11:17:54","slug":"dr-merike-seer","status":"publish","type":"page","link":"https:\/\/longevity.ee\/en\/esinejadvana\/dr-merike-seer\/","title":{"rendered":"Merike Seer MD"},"content":{"rendered":"<div class=\"wp-block-media-text is-stacked-on-mobile is-vertically-aligned-top\"><figure class=\"wp-block-media-text__media\"><img loading=\"lazy\" decoding=\"async\" width=\"1024\" height=\"1024\" src=\"https:\/\/longevity.ee\/wp-content\/uploads\/2025\/10\/Merike-Seer-MD-1-1024x1024.png\" alt=\"\" class=\"wp-image-627 size-full\" srcset=\"https:\/\/longevity.ee\/wp-content\/uploads\/2025\/10\/Merike-Seer-MD-1-1024x1024.png 1024w, https:\/\/longevity.ee\/wp-content\/uploads\/2025\/10\/Merike-Seer-MD-1-300x300.png 300w, https:\/\/longevity.ee\/wp-content\/uploads\/2025\/10\/Merike-Seer-MD-1-150x150.png 150w, https:\/\/longevity.ee\/wp-content\/uploads\/2025\/10\/Merike-Seer-MD-1-768x768.png 768w, https:\/\/longevity.ee\/wp-content\/uploads\/2025\/10\/Merike-Seer-MD-1-1536x1536.png 1536w, https:\/\/longevity.ee\/wp-content\/uploads\/2025\/10\/Merike-Seer-MD-1-2048x2048.png 2048w, https:\/\/longevity.ee\/wp-content\/uploads\/2025\/10\/Merike-Seer-MD-1-12x12.png 12w, https:\/\/longevity.ee\/wp-content\/uploads\/2025\/10\/Merike-Seer-MD-1-1320x1320.png 1320w\" sizes=\"auto, (max-width: 1024px) 100vw, 1024px\" \/><\/figure><div class=\"wp-block-media-text__content\">\n<p>Merike Seer on l\u00f5petanud Tartu \u00dclikooli arstiteaduskonna ning t\u00f6\u00f6tanud arstina nii Eestis kui ka Soomes. Tema karj\u00e4\u00e4r \u00fchendab kliinilise meditsiini kogemuse ja rakuteaduse uusimad arengud. Seitse aastat t\u00f6\u00f6tas ta Nova Vita viljatusravi kliinikus, kus omandas laialdase kogemuse rakup\u00f5hise meditsiini praktilises rakendamises. Alates 2017. aastast on ta p\u00fchendunud t\u00fcvirakkude valdkonnale, tehes koost\u00f6\u00f6d rahvusvahelise t\u00fcvirakupangaga Future Health Biobank \u00dchendkuningriigis. Ta on m\u00e4nginud olulist rolli, et Eesti peredel oleks ligip\u00e4\u00e4s nabav\u00e4\u00e4di- ja hambas\u00e4si t\u00fcvirakkude s\u00e4ilitamise kaasaegsetele v\u00f5imalustele, asutades ettev\u00f5tte Future Health Solutions O\u00dc, mis tegutseb kaubam\u00e4rgi <a href=\"https:\/\/elumus.ee\" title=\"\">ELUMUS<\/a> all. Lisaks t\u00fcvirakkude s\u00e4ilitamisele toetab ta peresid ka raviv\u00f5imaluste leidmisel platvormi Stem Cell Future kaudu. T\u00e4na on Merike juhtiv h\u00e4\u00e4l teadlikkuse ja ligip\u00e4\u00e4su edendamisel regeneratiivsetele raviviisidele, \u00fchendades teaduse ja praktilised lahendused, mis v\u00f5ivad muuta tervist, pikaealisust ja tuleviku meditsiini.<\/p>\n<\/div><\/div>","protected":false},"excerpt":{"rendered":"<p>Merike Seer on l\u00f5petanud Tartu \u00dclikooli arstiteaduskonna ning t\u00f6\u00f6tanud arstina nii Eestis kui ka Soomes. Tema karj\u00e4\u00e4r \u00fchendab kliinilise meditsiini kogemuse ja rakuteaduse uusimad arengud. Seitse aastat t\u00f6\u00f6tas ta Nova Vita viljatusravi kliinikus, kus omandas laialdase kogemuse rakup\u00f5hise meditsiini praktilises rakendamises. Alates 2017. aastast on ta p\u00fchendunud t\u00fcvirakkude valdkonnale, tehes koost\u00f6\u00f6d rahvusvahelise t\u00fcvirakupangaga Future Health [&hellip;]<\/p>\n","protected":false},"author":1,"featured_media":0,"parent":390,"menu_order":0,"comment_status":"closed","ping_status":"closed","template":"page-with-title","meta":{"_monsterinsights_skip_tracking":false,"_monsterinsights_sitenote_active":false,"_monsterinsights_sitenote_note":"","_monsterinsights_sitenote_category":0,"footnotes":""},"class_list":["post-519","page","type-page","status-publish","hentry"],"aioseo_notices":[],"jetpack_sharing_enabled":true,"_links":{"self":[{"href":"https:\/\/longevity.ee\/en\/wp-json\/wp\/v2\/pages\/519","targetHints":{"allow":["GET"]}}],"collection":[{"href":"https:\/\/longevity.ee\/en\/wp-json\/wp\/v2\/pages"}],"about":[{"href":"https:\/\/longevity.ee\/en\/wp-json\/wp\/v2\/types\/page"}],"author":[{"embeddable":true,"href":"https:\/\/longevity.ee\/en\/wp-json\/wp\/v2\/users\/1"}],"replies":[{"embeddable":true,"href":"https:\/\/longevity.ee\/en\/wp-json\/wp\/v2\/comments?post=519"}],"version-history":[{"count":11,"href":"https:\/\/longevity.ee\/en\/wp-json\/wp\/v2\/pages\/519\/revisions"}],"predecessor-version":[{"id":852,"href":"https:\/\/longevity.ee\/en\/wp-json\/wp\/v2\/pages\/519\/revisions\/852"}],"up":[{"embeddable":true,"href":"https:\/\/longevity.ee\/en\/wp-json\/wp\/v2\/pages\/390"}],"wp:attachment":[{"href":"https:\/\/longevity.ee\/en\/wp-json\/wp\/v2\/media?parent=519"}],"curies":[{"name":"wp","href":"https:\/\/api.w.org\/{rel}","templated":true}]}}