{"id":510,"date":"2025-09-22T12:13:17","date_gmt":"2025-09-22T12:13:17","guid":{"rendered":"https:\/\/longevity.ee\/?page_id=510"},"modified":"2025-09-23T10:09:15","modified_gmt":"2025-09-23T10:09:15","slug":"tingimused","status":"publish","type":"page","link":"https:\/\/longevity.ee\/en\/tingimused\/","title":{"rendered":"Terms, Conditions and QA"},"content":{"rendered":"<p><strong>REFUND &amp; CANCELLATION POLICY<\/strong><br>1. All ticket sales are final. <br>2. In case of cancellation, full refunds will be issued. <br>3. In case of rescheduling, tickets remain valid or may be refunded.<\/p>\n\n\n\n<p><strong>TERMS &amp; CONDITIONS<br><\/strong>By purchasing a ticket to the <em>\u201cRedefining Perimenopause: Hormones, Longevity and Aesthetics\u201d<\/em>event, you agree to the following terms:<br>1. Each ticket includes a unique serial number. Duplicated or altered tickets will not be accepted.<br>2. Each ticket is valid for one person only.<br>3. The organiser may change the program, schedule, or venue.<br>4. In case of cancellation, full refunds will be issued. In case of rescheduling, tickets remain valid or may be refunded.<br>5. Attendees are responsible for their own health and safety.<br>6. Isikuandmeid kasutatakse ainult \u00fcrituse info edastamiseks.<\/p>\n\n\n\n<p><strong>EVENT FAQ<\/strong><br>1. Where is the event held?<br>Dr Mari Laasma Laserravi- ja Ilukliinik, Meistri 22, IV Floor, Tallinn<\/p>\n\n\n\n<p>2. What time does it start?<br>Doors open at 9am. Sessions 9am-6pm.<\/p>\n\n\n\n<p>3. Kas saan pileti t\u00fchistada?<br>Piletiraha ei tagastata, v\u00e4lja arvatud \u00fcrituse t\u00fchistamisel v\u00f5i edasil\u00fckkamisel.<\/p>\n\n\n\n<p>4. I lost my ticket - what now?<br>Check your inbox or email info@longevity.ee<\/p>\n\n\n\n<p>5. Can I get an invoice?<br>Provided in confirmation email.<\/p>","protected":false},"excerpt":{"rendered":"<p>T\u00fchistamine ja tagastamine1. K\u00f5ik piletim\u00fc\u00fcgitehingud on l\u00f5plikud. 2. Kui \u00fcritus t\u00fchistatakse, tagastatakse kogu piletiraha. 3. Kui \u00fcritus l\u00fckatakse edasi, kehtivad piletid uuel kuup\u00e4eval v\u00f5i soovi korral tagastatakse. \u00d5igused ja kohustusedOstes pileti \u00fcritusele \u201cRedefining Perimenopause: Hormones, Longevity and Aesthetics\u201d, n\u00f5ustute j\u00e4rgmiste tingimustega:1. Igal pilet on kordumatu seerianumber. V\u00f5ltsitud v\u00f5i muudetud pileteid ei aktsepteerita.2. Iga pilet kehtib [&hellip;]<\/p>\n","protected":false},"author":1,"featured_media":0,"parent":0,"menu_order":0,"comment_status":"closed","ping_status":"closed","template":"page-with-title","meta":{"_monsterinsights_skip_tracking":false,"_monsterinsights_sitenote_active":false,"_monsterinsights_sitenote_note":"","_monsterinsights_sitenote_category":0,"footnotes":""},"class_list":["post-510","page","type-page","status-publish","hentry"],"aioseo_notices":[],"jetpack_sharing_enabled":true,"_links":{"self":[{"href":"https:\/\/longevity.ee\/en\/wp-json\/wp\/v2\/pages\/510","targetHints":{"allow":["GET"]}}],"collection":[{"href":"https:\/\/longevity.ee\/en\/wp-json\/wp\/v2\/pages"}],"about":[{"href":"https:\/\/longevity.ee\/en\/wp-json\/wp\/v2\/types\/page"}],"author":[{"embeddable":true,"href":"https:\/\/longevity.ee\/en\/wp-json\/wp\/v2\/users\/1"}],"replies":[{"embeddable":true,"href":"https:\/\/longevity.ee\/en\/wp-json\/wp\/v2\/comments?post=510"}],"version-history":[{"count":3,"href":"https:\/\/longevity.ee\/en\/wp-json\/wp\/v2\/pages\/510\/revisions"}],"predecessor-version":[{"id":518,"href":"https:\/\/longevity.ee\/en\/wp-json\/wp\/v2\/pages\/510\/revisions\/518"}],"wp:attachment":[{"href":"https:\/\/longevity.ee\/en\/wp-json\/wp\/v2\/media?parent=510"}],"curies":[{"name":"wp","href":"https:\/\/api.w.org\/{rel}","templated":true}]}}