{"id":440,"date":"2025-09-03T09:42:56","date_gmt":"2025-09-03T09:42:56","guid":{"rendered":"https:\/\/longevity.ee\/?page_id=440"},"modified":"2025-10-15T19:19:21","modified_gmt":"2025-10-15T19:19:21","slug":"dr-lasarus-mitrofanoff","status":"publish","type":"page","link":"https:\/\/longevity.ee\/en\/esinejadvana\/dr-lasarus-mitrofanoff\/","title":{"rendered":"Dr. Lasarus Mitrofanoff"},"content":{"rendered":"<div class=\"wp-block-media-text is-stacked-on-mobile is-vertically-aligned-top\"><figure class=\"wp-block-media-text__media\"><img loading=\"lazy\" decoding=\"async\" width=\"1024\" height=\"1024\" src=\"https:\/\/longevity.ee\/wp-content\/uploads\/2025\/10\/Dr.-Lasarus-Mitrofanoff-1024x1024.png\" alt=\"\" class=\"wp-image-609 size-full\" srcset=\"https:\/\/longevity.ee\/wp-content\/uploads\/2025\/10\/Dr.-Lasarus-Mitrofanoff-1024x1024.png 1024w, https:\/\/longevity.ee\/wp-content\/uploads\/2025\/10\/Dr.-Lasarus-Mitrofanoff-300x300.png 300w, https:\/\/longevity.ee\/wp-content\/uploads\/2025\/10\/Dr.-Lasarus-Mitrofanoff-150x150.png 150w, https:\/\/longevity.ee\/wp-content\/uploads\/2025\/10\/Dr.-Lasarus-Mitrofanoff-768x768.png 768w, https:\/\/longevity.ee\/wp-content\/uploads\/2025\/10\/Dr.-Lasarus-Mitrofanoff-1536x1536.png 1536w, https:\/\/longevity.ee\/wp-content\/uploads\/2025\/10\/Dr.-Lasarus-Mitrofanoff-2048x2048.png 2048w, https:\/\/longevity.ee\/wp-content\/uploads\/2025\/10\/Dr.-Lasarus-Mitrofanoff-12x12.png 12w, https:\/\/longevity.ee\/wp-content\/uploads\/2025\/10\/Dr.-Lasarus-Mitrofanoff-1320x1320.png 1320w\" sizes=\"auto, (max-width: 1024px) 100vw, 1024px\" \/><\/figure><div class=\"wp-block-media-text__content\">\n<p><strong>Dr. Lasarus Mitrofanoff<\/strong>, M.D., Ph.D., is an experienced gynecologist and aesthetic medicine specialist with over two decades of clinical practice. A graduate of Oulu University in Finland, he earned his Ph.D. in 1995 and completed his specialization in obstetrics and gynecology in 2000. He has since built a distinguished career in both the public and private sectors, serving as head of gynecology departments, directing his own clinic&nbsp;<em>Itu<\/em>&nbsp;in Finland, and working internationally as a visiting aesthetic gynecologist. Dr. Mitrofanoff is a leading expert in laser medicine, serving as faculty and clinical lecturer at the Laser &amp; Health Academy (LA&amp;HA) and training doctors and nurses across the Nordic and Baltic regions. He has authored multiple scientific publications and developed laser protocols used in clinics today. Known for his human-centered approach, he combines advanced science with artistry to deliver safe, effective, and transformative results in aesthetic gynecology and medicine. His expertise spans laser procedures, PRP therapies, fillers, botulinum toxin, and regenerative treatments that enhance both health and confidence.<\/p>\n<\/div><\/div>","protected":false},"excerpt":{"rendered":"<p>Dr. Lasarus Mitrofanoff, M.D., Ph.D., on kogenud g\u00fcnekoloog ja esteetilise meditsiini arst, kellel on \u00fcle kahek\u00fcmne aasta kliinilist kogemust. Ta l\u00f5petas 1995. aastal Soome Oulu \u00dclikooli doktorikraadiga ning omandas 2000. aastal eriala s\u00fcnnitusabis ja g\u00fcnekoloogias. Seej\u00e4rel on ta \u00fcles ehitanud silmapaistva karj\u00e4\u00e4ri nii avalikus kui ka erameditsiinis, t\u00f6\u00f6tanud g\u00fcnekoloogiaosakondade juhatajana, juhtinud Soomes oma kliinikut&nbsp;Itu&nbsp;ning tegutsenud [&hellip;]<\/p>\n","protected":false},"author":1,"featured_media":0,"parent":390,"menu_order":0,"comment_status":"closed","ping_status":"closed","template":"page-with-title","meta":{"_monsterinsights_skip_tracking":false,"_monsterinsights_sitenote_active":false,"_monsterinsights_sitenote_note":"","_monsterinsights_sitenote_category":0,"footnotes":""},"class_list":["post-440","page","type-page","status-publish","hentry"],"aioseo_notices":[],"jetpack_sharing_enabled":true,"_links":{"self":[{"href":"https:\/\/longevity.ee\/en\/wp-json\/wp\/v2\/pages\/440","targetHints":{"allow":["GET"]}}],"collection":[{"href":"https:\/\/longevity.ee\/en\/wp-json\/wp\/v2\/pages"}],"about":[{"href":"https:\/\/longevity.ee\/en\/wp-json\/wp\/v2\/types\/page"}],"author":[{"embeddable":true,"href":"https:\/\/longevity.ee\/en\/wp-json\/wp\/v2\/users\/1"}],"replies":[{"embeddable":true,"href":"https:\/\/longevity.ee\/en\/wp-json\/wp\/v2\/comments?post=440"}],"version-history":[{"count":2,"href":"https:\/\/longevity.ee\/en\/wp-json\/wp\/v2\/pages\/440\/revisions"}],"predecessor-version":[{"id":637,"href":"https:\/\/longevity.ee\/en\/wp-json\/wp\/v2\/pages\/440\/revisions\/637"}],"up":[{"embeddable":true,"href":"https:\/\/longevity.ee\/en\/wp-json\/wp\/v2\/pages\/390"}],"wp:attachment":[{"href":"https:\/\/longevity.ee\/en\/wp-json\/wp\/v2\/media?parent=440"}],"curies":[{"name":"wp","href":"https:\/\/api.w.org\/{rel}","templated":true}]}}