{"id":430,"date":"2025-09-03T09:35:22","date_gmt":"2025-09-03T09:35:22","guid":{"rendered":"https:\/\/longevity.ee\/?page_id=430"},"modified":"2025-10-15T19:16:43","modified_gmt":"2025-10-15T19:16:43","slug":"dr-anoob-pakkar-hull","status":"publish","type":"page","link":"https:\/\/longevity.ee\/en\/esinejadvana\/dr-anoob-pakkar-hull\/","title":{"rendered":"Dr. Anoob Pakkar-Hull"},"content":{"rendered":"<ul class=\"wp-block-social-links has-normal-icon-size has-icon-color is-style-logos-only is-layout-flex wp-container-core-social-links-is-layout-a82d17ea wp-block-social-links-is-layout-flex\"><li style=\"color:#9d8383;\" class=\"wp-social-link wp-social-link-instagram has-foreground-color wp-block-social-link\"><a rel=\"noopener nofollow\" target=\"_blank\" href=\"https:\/\/www.instagram.com\/dranoobpakkarhull\/\" class=\"wp-block-social-link-anchor\"><svg width=\"24\" height=\"24\" viewbox=\"0 0 24 24\" version=\"1.1\" xmlns=\"http:\/\/www.w3.org\/2000\/svg\" aria-hidden=\"true\" focusable=\"false\"><path d=\"M12,4.622c2.403,0,2.688,0.009,3.637,0.052c0.877,0.04,1.354,0.187,1.671,0.31c0.42,0.163,0.72,0.358,1.035,0.673 c0.315,0.315,0.51,0.615,0.673,1.035c0.123,0.317,0.27,0.794,0.31,1.671c0.043,0.949,0.052,1.234,0.052,3.637 s-0.009,2.688-0.052,3.637c-0.04,0.877-0.187,1.354-0.31,1.671c-0.163,0.42-0.358,0.72-0.673,1.035 c-0.315,0.315-0.615,0.51-1.035,0.673c-0.317,0.123-0.794,0.27-1.671,0.31c-0.949,0.043-1.233,0.052-3.637,0.052 s-2.688-0.009-3.637-0.052c-0.877-0.04-1.354-0.187-1.671-0.31c-0.42-0.163-0.72-0.358-1.035-0.673 c-0.315-0.315-0.51-0.615-0.673-1.035c-0.123-0.317-0.27-0.794-0.31-1.671C4.631,14.688,4.622,14.403,4.622,12 s0.009-2.688,0.052-3.637c0.04-0.877,0.187-1.354,0.31-1.671c0.163-0.42,0.358-0.72,0.673-1.035 c0.315-0.315,0.615-0.51,1.035-0.673c0.317-0.123,0.794-0.27,1.671-0.31C9.312,4.631,9.597,4.622,12,4.622 M12,3 C9.556,3,9.249,3.01,8.289,3.054C7.331,3.098,6.677,3.25,6.105,3.472C5.513,3.702,5.011,4.01,4.511,4.511 c-0.5,0.5-0.808,1.002-1.038,1.594C3.25,6.677,3.098,7.331,3.054,8.289C3.01,9.249,3,9.556,3,12c0,2.444,0.01,2.751,0.054,3.711 c0.044,0.958,0.196,1.612,0.418,2.185c0.23,0.592,0.538,1.094,1.038,1.594c0.5,0.5,1.002,0.808,1.594,1.038 c0.572,0.222,1.227,0.375,2.185,0.418C9.249,20.99,9.556,21,12,21s2.751-0.01,3.711-0.054c0.958-0.044,1.612-0.196,2.185-0.418 c0.592-0.23,1.094-0.538,1.594-1.038c0.5-0.5,0.808-1.002,1.038-1.594c0.222-0.572,0.375-1.227,0.418-2.185 C20.99,14.751,21,14.444,21,12s-0.01-2.751-0.054-3.711c-0.044-0.958-0.196-1.612-0.418-2.185c-0.23-0.592-0.538-1.094-1.038-1.594 c-0.5-0.5-1.002-0.808-1.594-1.038c-0.572-0.222-1.227-0.375-2.185-0.418C14.751,3.01,14.444,3,12,3L12,3z M12,7.378 c-2.552,0-4.622,2.069-4.622,4.622S9.448,16.622,12,16.622s4.622-2.069,4.622-4.622S14.552,7.378,12,7.378z M12,15 c-1.657,0-3-1.343-3-3s1.343-3,3-3s3,1.343,3,3S13.657,15,12,15z M16.804,6.116c-0.596,0-1.08,0.484-1.08,1.08 s0.484,1.08,1.08,1.08c0.596,0,1.08-0.484,1.08-1.08S17.401,6.116,16.804,6.116z\"><\/path><\/svg><span class=\"wp-block-social-link-label screen-reader-text\">Instagram<\/span><\/a><\/li><\/ul>\n\n\n\n<div class=\"wp-block-media-text is-stacked-on-mobile is-vertically-aligned-top\"><figure class=\"wp-block-media-text__media\"><img loading=\"lazy\" decoding=\"async\" width=\"1024\" height=\"1024\" src=\"https:\/\/longevity.ee\/wp-content\/uploads\/2025\/10\/Dr.-Anoob-Pakkar-Hull-1024x1024.png\" alt=\"\" class=\"wp-image-618 size-full\" srcset=\"https:\/\/longevity.ee\/wp-content\/uploads\/2025\/10\/Dr.-Anoob-Pakkar-Hull-1024x1024.png 1024w, https:\/\/longevity.ee\/wp-content\/uploads\/2025\/10\/Dr.-Anoob-Pakkar-Hull-300x300.png 300w, https:\/\/longevity.ee\/wp-content\/uploads\/2025\/10\/Dr.-Anoob-Pakkar-Hull-150x150.png 150w, https:\/\/longevity.ee\/wp-content\/uploads\/2025\/10\/Dr.-Anoob-Pakkar-Hull-768x768.png 768w, https:\/\/longevity.ee\/wp-content\/uploads\/2025\/10\/Dr.-Anoob-Pakkar-Hull-1536x1536.png 1536w, https:\/\/longevity.ee\/wp-content\/uploads\/2025\/10\/Dr.-Anoob-Pakkar-Hull-2048x2048.png 2048w, https:\/\/longevity.ee\/wp-content\/uploads\/2025\/10\/Dr.-Anoob-Pakkar-Hull-12x12.png 12w, https:\/\/longevity.ee\/wp-content\/uploads\/2025\/10\/Dr.-Anoob-Pakkar-Hull-1320x1320.png 1320w\" sizes=\"auto, (max-width: 1024px) 100vw, 1024px\" \/><\/figure><div class=\"wp-block-media-text__content\">\n<p><strong>Dr. Anoob Pakkar-Hull<\/strong>, MBBS, MRCA, EDRA, is Board Certified by the American Academy of Aesthetic Medicine (AAAM) and an internationally recognised aesthetic physician with over 25 years of medical experience. A former NHS anaesthetist, he now directs the <em>DermoAroma Training Academy<\/em>, delivering advanced regenerative aesthetics training worldwide. He runs successful clinics in London and across the UK, offering a full spectrum of treatments including injectables, skin rejuvenation, PRP, PDO threads, and longevity-based protocols. As a Key Opinion Leader for DermoAroma, he is at the forefront of exosome therapy, combination treatments, and aesthetic innovation. Dr. Pakkar-Hull frequently speaks at global congresses, trains international delegates with AAAM, and has been featured by the BBC, <em>Aesthetic Medicine<\/em> and <em>Luxuriate<\/em>. His passion lies in integrating science, artistry, and safety to help patients not only look good but feel great.<\/p>\n<\/div><\/div>","protected":false},"excerpt":{"rendered":"<p>Dr. Anoob Pakkar-Hull, MBBS, MRCA, EDRA, on Ameerika Esteetilise Meditsiini Akadeemia (AAAM) poolt sertifitseeritud ning rahvusvaheliselt tunnustatud esteetikaarst, kellel on \u00fcle 25 aasta meditsiinilist kogemust. Endine Suurbritannia NHS-i anestesioloog juhib n\u00fc\u00fcd DermoAroma Training Academy\u2019t, pakkudes t\u00e4iustatud koolitusi regenereerivas esteetikas \u00fcle kogu maailma. Ta peab edukaid kliinikuid Londonis ja kogu \u00dchendkuningriigis, pakkudes laia valikut protseduure, sealhulgas [&hellip;]<\/p>\n","protected":false},"author":1,"featured_media":0,"parent":390,"menu_order":0,"comment_status":"closed","ping_status":"closed","template":"page-with-title","meta":{"_monsterinsights_skip_tracking":false,"_monsterinsights_sitenote_active":false,"_monsterinsights_sitenote_note":"","_monsterinsights_sitenote_category":0,"footnotes":""},"class_list":["post-430","page","type-page","status-publish","hentry"],"aioseo_notices":[],"jetpack_sharing_enabled":true,"_links":{"self":[{"href":"https:\/\/longevity.ee\/en\/wp-json\/wp\/v2\/pages\/430","targetHints":{"allow":["GET"]}}],"collection":[{"href":"https:\/\/longevity.ee\/en\/wp-json\/wp\/v2\/pages"}],"about":[{"href":"https:\/\/longevity.ee\/en\/wp-json\/wp\/v2\/types\/page"}],"author":[{"embeddable":true,"href":"https:\/\/longevity.ee\/en\/wp-json\/wp\/v2\/users\/1"}],"replies":[{"embeddable":true,"href":"https:\/\/longevity.ee\/en\/wp-json\/wp\/v2\/comments?post=430"}],"version-history":[{"count":6,"href":"https:\/\/longevity.ee\/en\/wp-json\/wp\/v2\/pages\/430\/revisions"}],"predecessor-version":[{"id":631,"href":"https:\/\/longevity.ee\/en\/wp-json\/wp\/v2\/pages\/430\/revisions\/631"}],"up":[{"embeddable":true,"href":"https:\/\/longevity.ee\/en\/wp-json\/wp\/v2\/pages\/390"}],"wp:attachment":[{"href":"https:\/\/longevity.ee\/en\/wp-json\/wp\/v2\/media?parent=430"}],"curies":[{"name":"wp","href":"https:\/\/api.w.org\/{rel}","templated":true}]}}