{"id":396,"date":"2025-09-02T10:39:10","date_gmt":"2025-09-02T10:39:10","guid":{"rendered":"https:\/\/longevity.ee\/?page_id=396"},"modified":"2025-11-17T11:03:06","modified_gmt":"2025-11-17T11:03:06","slug":"programm","status":"publish","type":"page","link":"https:\/\/longevity.ee\/en\/programm\/","title":{"rendered":""},"content":{"rendered":"<h3 class=\"wp-block-heading\">International <em>workshop<\/em><br>\"Regenerative aesthetic medicine\"<\/h3>\n\n\n\n<h4 class=\"wp-block-heading\">14.-15. november 2025 \u00b7 Tallinn<\/h4>\n\n\n\n<div class=\"wp-block-media-text\" style=\"border-width:2px;border-radius:50px;padding-top:var(--wp--preset--spacing--20);padding-right:var(--wp--preset--spacing--20);padding-bottom:var(--wp--preset--spacing--20);padding-left:var(--wp--preset--spacing--20);font-size:clamp(0.875rem, 0.875rem + ((1vw - 0.2rem) * 0.042), 0.9rem);grid-template-columns:20% auto\"><figure class=\"wp-block-media-text__media\"><img loading=\"lazy\" decoding=\"async\" width=\"1024\" height=\"1024\" src=\"https:\/\/longevity.ee\/wp-content\/uploads\/2025\/10\/Dr.-Anoob-Pakkar-Hull-1024x1024.png\" alt=\"\" class=\"wp-image-618 size-full\" srcset=\"https:\/\/longevity.ee\/wp-content\/uploads\/2025\/10\/Dr.-Anoob-Pakkar-Hull-1024x1024.png 1024w, https:\/\/longevity.ee\/wp-content\/uploads\/2025\/10\/Dr.-Anoob-Pakkar-Hull-300x300.png 300w, https:\/\/longevity.ee\/wp-content\/uploads\/2025\/10\/Dr.-Anoob-Pakkar-Hull-150x150.png 150w, https:\/\/longevity.ee\/wp-content\/uploads\/2025\/10\/Dr.-Anoob-Pakkar-Hull-768x768.png 768w, https:\/\/longevity.ee\/wp-content\/uploads\/2025\/10\/Dr.-Anoob-Pakkar-Hull-1536x1536.png 1536w, https:\/\/longevity.ee\/wp-content\/uploads\/2025\/10\/Dr.-Anoob-Pakkar-Hull-2048x2048.png 2048w, https:\/\/longevity.ee\/wp-content\/uploads\/2025\/10\/Dr.-Anoob-Pakkar-Hull-12x12.png 12w, https:\/\/longevity.ee\/wp-content\/uploads\/2025\/10\/Dr.-Anoob-Pakkar-Hull-1320x1320.png 1320w\" sizes=\"auto, (max-width: 1024px) 100vw, 1024px\" \/><\/figure><div class=\"wp-block-media-text__content\">\n<div class=\"wp-block-buttons is-content-justification-space-between is-layout-flex wp-container-core-buttons-is-layout-fe260184 wp-block-buttons-is-layout-flex\">\n<div class=\"wp-block-button has-custom-width wp-block-button__width-50 is-style-outline is-style-outline--1\"><a class=\"wp-block-button__link has-tertiary-color has-foreground-background-color has-text-color has-background has-link-color has-custom-font-size wp-element-button\" style=\"border-width:1px;border-radius:100px;padding-top:0;padding-right:0;padding-bottom:0;padding-left:0;font-size:0.6rem\">Workshop<\/a><\/div>\n<\/div>\n\n\n\n<p><strong>Double Alchemy: Harnessing Exosomes with Chemical Peels for Transformative Skin Renewal<\/strong><br><br><a href=\"https:\/\/longevity.ee\/en\/esinejad\/dr-anoob-pakkar-hull\/\" title=\"Dr. Anoob Pakkar-Hull\">Dr. Anoob Pakkar-Hull<\/a> (Great Britain)<\/p>\n<\/div><\/div>\n\n\n\n<div class=\"wp-block-media-text\" style=\"border-width:2px;border-radius:50px;padding-top:var(--wp--preset--spacing--20);padding-right:var(--wp--preset--spacing--20);padding-bottom:var(--wp--preset--spacing--20);padding-left:var(--wp--preset--spacing--20);font-size:clamp(0.875rem, 0.875rem + ((1vw - 0.2rem) * 0.042), 0.9rem);grid-template-columns:20% auto\"><figure class=\"wp-block-media-text__media\"><img loading=\"lazy\" decoding=\"async\" width=\"1024\" height=\"1024\" src=\"https:\/\/longevity.ee\/wp-content\/uploads\/2025\/10\/Dr.-Carlos-Z.-Cifuentes-1024x1024.png\" alt=\"\" class=\"wp-image-616 size-full\" srcset=\"https:\/\/longevity.ee\/wp-content\/uploads\/2025\/10\/Dr.-Carlos-Z.-Cifuentes-1024x1024.png 1024w, https:\/\/longevity.ee\/wp-content\/uploads\/2025\/10\/Dr.-Carlos-Z.-Cifuentes-300x300.png 300w, https:\/\/longevity.ee\/wp-content\/uploads\/2025\/10\/Dr.-Carlos-Z.-Cifuentes-150x150.png 150w, https:\/\/longevity.ee\/wp-content\/uploads\/2025\/10\/Dr.-Carlos-Z.-Cifuentes-768x768.png 768w, https:\/\/longevity.ee\/wp-content\/uploads\/2025\/10\/Dr.-Carlos-Z.-Cifuentes-1536x1536.png 1536w, https:\/\/longevity.ee\/wp-content\/uploads\/2025\/10\/Dr.-Carlos-Z.-Cifuentes-2048x2048.png 2048w, https:\/\/longevity.ee\/wp-content\/uploads\/2025\/10\/Dr.-Carlos-Z.-Cifuentes-12x12.png 12w, https:\/\/longevity.ee\/wp-content\/uploads\/2025\/10\/Dr.-Carlos-Z.-Cifuentes-1320x1320.png 1320w\" sizes=\"auto, (max-width: 1024px) 100vw, 1024px\" \/><\/figure><div class=\"wp-block-media-text__content\">\n<div class=\"wp-block-buttons is-content-justification-space-between is-layout-flex wp-container-core-buttons-is-layout-fe260184 wp-block-buttons-is-layout-flex\">\n<div class=\"wp-block-button has-custom-width wp-block-button__width-50 is-style-outline is-style-outline--2\"><a class=\"wp-block-button__link has-tertiary-color has-foreground-background-color has-text-color has-background has-link-color has-custom-font-size wp-element-button\" style=\"border-style:none;border-width:0px;border-radius:50px;padding-top:0px;padding-right:0px;padding-bottom:0px;padding-left:0px;font-size:0.6rem\">Workshop<\/a><\/div>\n<\/div>\n\n\n\n<p><em><strong>Ultrasound-Guided Biostimulators for Face and Neck Rejuvenation: Precision Meets Safety<\/strong><\/em><br><br><a href=\"https:\/\/longevity.ee\/en\/esinejadvana\/dr-carlos-zito-cifuentes\/\" title=\"Dr. Carlos Zito Cifuentes\">Dr. Carlos Zito Cifuentes<\/a> (Spain)<\/p>\n<\/div><\/div>\n\n\n\n<div class=\"wp-block-media-text\" style=\"border-width:2px;border-radius:50px;padding-top:var(--wp--preset--spacing--20);padding-right:var(--wp--preset--spacing--20);padding-bottom:var(--wp--preset--spacing--20);padding-left:var(--wp--preset--spacing--20);font-size:clamp(0.875rem, 0.875rem + ((1vw - 0.2rem) * 0.042), 0.9rem);grid-template-columns:20% auto\"><figure class=\"wp-block-media-text__media\"><img loading=\"lazy\" decoding=\"async\" width=\"1024\" height=\"1024\" src=\"https:\/\/longevity.ee\/wp-content\/uploads\/2025\/10\/Dr.-Mari-Laasma-1024x1024.png\" alt=\"\" class=\"wp-image-610 size-full\" srcset=\"https:\/\/longevity.ee\/wp-content\/uploads\/2025\/10\/Dr.-Mari-Laasma-1024x1024.png 1024w, https:\/\/longevity.ee\/wp-content\/uploads\/2025\/10\/Dr.-Mari-Laasma-300x300.png 300w, https:\/\/longevity.ee\/wp-content\/uploads\/2025\/10\/Dr.-Mari-Laasma-150x150.png 150w, https:\/\/longevity.ee\/wp-content\/uploads\/2025\/10\/Dr.-Mari-Laasma-768x768.png 768w, https:\/\/longevity.ee\/wp-content\/uploads\/2025\/10\/Dr.-Mari-Laasma-1536x1536.png 1536w, https:\/\/longevity.ee\/wp-content\/uploads\/2025\/10\/Dr.-Mari-Laasma-2048x2048.png 2048w, https:\/\/longevity.ee\/wp-content\/uploads\/2025\/10\/Dr.-Mari-Laasma-12x12.png 12w, https:\/\/longevity.ee\/wp-content\/uploads\/2025\/10\/Dr.-Mari-Laasma-1320x1320.png 1320w\" sizes=\"auto, (max-width: 1024px) 100vw, 1024px\" \/><\/figure><div class=\"wp-block-media-text__content\">\n<div class=\"wp-block-buttons is-content-justification-space-between is-layout-flex wp-container-core-buttons-is-layout-fe260184 wp-block-buttons-is-layout-flex\">\n<div class=\"wp-block-button has-custom-width wp-block-button__width-50 is-style-outline is-style-outline--3\"><a class=\"wp-block-button__link has-tertiary-color has-foreground-background-color has-text-color has-background has-link-color has-custom-font-size wp-element-button\" style=\"border-style:none;border-width:0px;border-radius:50px;padding-top:0px;padding-right:0px;padding-bottom:0px;padding-left:0px;font-size:0.6rem\">Workshop<\/a><\/div>\n<\/div>\n\n\n\n<p><strong><em>Kaasaegne \u201cl\u00f5unapausi\u201d n\u00e4o t\u00e4isnoorendus: botuliintoksiini ja bioremodelleerimise koosm\u00f5ju loomuliku, tervikliku ja kiire taastumisajata tulemuse saavutamiseks<\/em><\/strong>.<br><br><a href=\"https:\/\/longevity.ee\/en\/esinejadvana\/dr-mari-laasma\/\" title=\"Dr. Mari Laasma\">Dr. Mari Laasma<\/a> (Estonia)<\/p>\n<\/div><\/div>\n\n\n\n<div class=\"wp-block-media-text\" style=\"border-width:2px;border-radius:50px;padding-top:var(--wp--preset--spacing--20);padding-right:var(--wp--preset--spacing--20);padding-bottom:var(--wp--preset--spacing--20);padding-left:var(--wp--preset--spacing--20);font-size:clamp(0.875rem, 0.875rem + ((1vw - 0.2rem) * 0.042), 0.9rem);grid-template-columns:20% auto\"><figure class=\"wp-block-media-text__media\"><img loading=\"lazy\" decoding=\"async\" width=\"1024\" height=\"1024\" src=\"https:\/\/longevity.ee\/wp-content\/uploads\/2025\/10\/Moonika-Toi-1024x1024.png\" alt=\"\" class=\"wp-image-982 size-full\" srcset=\"https:\/\/longevity.ee\/wp-content\/uploads\/2025\/10\/Moonika-Toi-1024x1024.png 1024w, https:\/\/longevity.ee\/wp-content\/uploads\/2025\/10\/Moonika-Toi-300x300.png 300w, https:\/\/longevity.ee\/wp-content\/uploads\/2025\/10\/Moonika-Toi-150x150.png 150w, https:\/\/longevity.ee\/wp-content\/uploads\/2025\/10\/Moonika-Toi-768x768.png 768w\" sizes=\"auto, (max-width: 1024px) 100vw, 1024px\" \/><\/figure><div class=\"wp-block-media-text__content\">\n<div class=\"wp-block-buttons is-content-justification-space-between is-layout-flex wp-container-core-buttons-is-layout-fe260184 wp-block-buttons-is-layout-flex\">\n<div class=\"wp-block-button has-custom-width wp-block-button__width-50 is-style-outline is-style-outline--4\"><a class=\"wp-block-button__link has-tertiary-color has-foreground-background-color has-text-color has-background has-link-color has-custom-font-size wp-element-button\" style=\"border-style:none;border-width:0px;border-radius:50px;padding-top:0px;padding-right:0px;padding-bottom:0px;padding-left:0px;font-size:0.6rem\">Workshop<\/a><\/div>\n<\/div>\n\n\n\n<p><strong><em>MINT PDO mesothread applications, techniques, and patient selection \u2013 a suitable training for both beginners and advanced practitioners.<\/em><\/strong><br><br><a href=\"https:\/\/longevity.ee\/en\/esinejad\/moonika-toi\/\" title=\"Moonika Toi\">Moonika Toi<\/a> (Estonia)<\/p>\n<\/div><\/div>","protected":false},"excerpt":{"rendered":"<p>Rahvusvaheline workshop&#8220;Regeneratiivne esteetiline meditsiin&#8221; 14.-15. november 2025 \u00b7 Tallinn<\/p>","protected":false},"author":1,"featured_media":0,"parent":0,"menu_order":0,"comment_status":"closed","ping_status":"closed","template":"no-title","meta":{"_monsterinsights_skip_tracking":false,"_monsterinsights_sitenote_active":false,"_monsterinsights_sitenote_note":"","_monsterinsights_sitenote_category":0,"footnotes":""},"class_list":["post-396","page","type-page","status-publish","hentry"],"aioseo_notices":[],"jetpack_sharing_enabled":true,"_links":{"self":[{"href":"https:\/\/longevity.ee\/en\/wp-json\/wp\/v2\/pages\/396","targetHints":{"allow":["GET"]}}],"collection":[{"href":"https:\/\/longevity.ee\/en\/wp-json\/wp\/v2\/pages"}],"about":[{"href":"https:\/\/longevity.ee\/en\/wp-json\/wp\/v2\/types\/page"}],"author":[{"embeddable":true,"href":"https:\/\/longevity.ee\/en\/wp-json\/wp\/v2\/users\/1"}],"replies":[{"embeddable":true,"href":"https:\/\/longevity.ee\/en\/wp-json\/wp\/v2\/comments?post=396"}],"version-history":[{"count":117,"href":"https:\/\/longevity.ee\/en\/wp-json\/wp\/v2\/pages\/396\/revisions"}],"predecessor-version":[{"id":1035,"href":"https:\/\/longevity.ee\/en\/wp-json\/wp\/v2\/pages\/396\/revisions\/1035"}],"wp:attachment":[{"href":"https:\/\/longevity.ee\/en\/wp-json\/wp\/v2\/media?parent=396"}],"curies":[{"name":"wp","href":"https:\/\/api.w.org\/{rel}","templated":true}]}}