{"id":390,"date":"2025-09-02T10:24:55","date_gmt":"2025-09-02T10:24:55","guid":{"rendered":"https:\/\/longevity.ee\/?page_id=390"},"modified":"2025-10-30T14:47:17","modified_gmt":"2025-10-30T14:47:17","slug":"esinejadvana","status":"publish","type":"page","link":"https:\/\/longevity.ee\/en\/esinejadvana\/","title":{"rendered":"Esinejad vana"},"content":{"rendered":"<div class=\"wp-block-group alignwide is-layout-flow wp-block-group-is-layout-flow\">\n<div class=\"wp-block-media-text is-stacked-on-mobile\" style=\"grid-template-columns:15% auto\"><figure class=\"wp-block-media-text__media\"><img loading=\"lazy\" decoding=\"async\" width=\"1024\" height=\"1024\" src=\"https:\/\/longevity.ee\/wp-content\/uploads\/2025\/10\/Dr.-Anoob-Pakkar-Hull-1024x1024.png\" alt=\"\" class=\"wp-image-618 size-full\" srcset=\"https:\/\/longevity.ee\/wp-content\/uploads\/2025\/10\/Dr.-Anoob-Pakkar-Hull-1024x1024.png 1024w, https:\/\/longevity.ee\/wp-content\/uploads\/2025\/10\/Dr.-Anoob-Pakkar-Hull-300x300.png 300w, https:\/\/longevity.ee\/wp-content\/uploads\/2025\/10\/Dr.-Anoob-Pakkar-Hull-150x150.png 150w, https:\/\/longevity.ee\/wp-content\/uploads\/2025\/10\/Dr.-Anoob-Pakkar-Hull-768x768.png 768w, https:\/\/longevity.ee\/wp-content\/uploads\/2025\/10\/Dr.-Anoob-Pakkar-Hull-1536x1536.png 1536w, https:\/\/longevity.ee\/wp-content\/uploads\/2025\/10\/Dr.-Anoob-Pakkar-Hull-2048x2048.png 2048w, https:\/\/longevity.ee\/wp-content\/uploads\/2025\/10\/Dr.-Anoob-Pakkar-Hull-12x12.png 12w, https:\/\/longevity.ee\/wp-content\/uploads\/2025\/10\/Dr.-Anoob-Pakkar-Hull-1320x1320.png 1320w\" sizes=\"auto, (max-width: 1024px) 100vw, 1024px\" \/><\/figure><div class=\"wp-block-media-text__content\">\n<p><strong>Dr. Anoob Pakkar-Hull<\/strong>, MBBS, MRCA, EDRA, is Board Certified by the American Academy of Aesthetic Medicine (AAAM) and an internationally recognised aesthetic physician with over 25 years of medical experience. Read&nbsp;<a href=\"https:\/\/longevity.ee\/en\/esinejad\/dr-anoob-pakkar-hull\/\">more<\/a>.<\/p>\n<\/div><\/div>\n\n\n\n<div class=\"wp-block-media-text is-stacked-on-mobile\" style=\"grid-template-columns:15% auto\"><figure class=\"wp-block-media-text__media\"><img loading=\"lazy\" decoding=\"async\" width=\"1024\" height=\"1024\" src=\"https:\/\/longevity.ee\/wp-content\/uploads\/2025\/10\/Dr.-Carlos-Z.-Cifuentes-1024x1024.png\" alt=\"\" class=\"wp-image-616 size-full\" srcset=\"https:\/\/longevity.ee\/wp-content\/uploads\/2025\/10\/Dr.-Carlos-Z.-Cifuentes-1024x1024.png 1024w, https:\/\/longevity.ee\/wp-content\/uploads\/2025\/10\/Dr.-Carlos-Z.-Cifuentes-300x300.png 300w, https:\/\/longevity.ee\/wp-content\/uploads\/2025\/10\/Dr.-Carlos-Z.-Cifuentes-150x150.png 150w, https:\/\/longevity.ee\/wp-content\/uploads\/2025\/10\/Dr.-Carlos-Z.-Cifuentes-768x768.png 768w, https:\/\/longevity.ee\/wp-content\/uploads\/2025\/10\/Dr.-Carlos-Z.-Cifuentes-1536x1536.png 1536w, https:\/\/longevity.ee\/wp-content\/uploads\/2025\/10\/Dr.-Carlos-Z.-Cifuentes-2048x2048.png 2048w, https:\/\/longevity.ee\/wp-content\/uploads\/2025\/10\/Dr.-Carlos-Z.-Cifuentes-12x12.png 12w, https:\/\/longevity.ee\/wp-content\/uploads\/2025\/10\/Dr.-Carlos-Z.-Cifuentes-1320x1320.png 1320w\" sizes=\"auto, (max-width: 1024px) 100vw, 1024px\" \/><\/figure><div class=\"wp-block-media-text__content\">\n<p><strong>Dr. Carlos Zito Cifuentes<\/strong>&nbsp;is an internationally recognised aesthetic physician based in Barcelona, renowned for his expertise in ultrasound-guided facial treatments and facial harmonisation. Read&nbsp;<a href=\"https:\/\/longevity.ee\/en\/esinejad\/dr-carlos-zito-cifuentes\">more<\/a>.<\/p>\n<\/div><\/div>\n\n\n\n<div class=\"wp-block-media-text is-stacked-on-mobile is-vertically-aligned-top\" style=\"grid-template-columns:15% auto\"><figure class=\"wp-block-media-text__media\"><img loading=\"lazy\" decoding=\"async\" width=\"1024\" height=\"1024\" src=\"https:\/\/longevity.ee\/wp-content\/uploads\/2025\/10\/Dr.-Andre-R.-Rotmann-1024x1024.png\" alt=\"\" class=\"wp-image-611 size-full\" srcset=\"https:\/\/longevity.ee\/wp-content\/uploads\/2025\/10\/Dr.-Andre-R.-Rotmann-1024x1024.png 1024w, https:\/\/longevity.ee\/wp-content\/uploads\/2025\/10\/Dr.-Andre-R.-Rotmann-300x300.png 300w, https:\/\/longevity.ee\/wp-content\/uploads\/2025\/10\/Dr.-Andre-R.-Rotmann-150x150.png 150w, https:\/\/longevity.ee\/wp-content\/uploads\/2025\/10\/Dr.-Andre-R.-Rotmann-768x768.png 768w, https:\/\/longevity.ee\/wp-content\/uploads\/2025\/10\/Dr.-Andre-R.-Rotmann-1536x1536.png 1536w, https:\/\/longevity.ee\/wp-content\/uploads\/2025\/10\/Dr.-Andre-R.-Rotmann-2048x2048.png 2048w, https:\/\/longevity.ee\/wp-content\/uploads\/2025\/10\/Dr.-Andre-R.-Rotmann-12x12.png 12w, https:\/\/longevity.ee\/wp-content\/uploads\/2025\/10\/Dr.-Andre-R.-Rotmann-1320x1320.png 1320w\" sizes=\"auto, (max-width: 1024px) 100vw, 1024px\" \/><\/figure><div class=\"wp-block-media-text__content\">\n<p><strong>Dr. Andre-Robert Rotmann<\/strong>, M.D., is a German gynecologist and obstetrician with nearly 40 years of medical experience. A graduate of the J.W. Goethe University in Frankfurt, he earned his doctorate in 1988 and trained internationally at Mount Sinai Medical School in New York. Read&nbsp;<a href=\"https:\/\/longevity.ee\/en\/esinejad\/dr-andre-robert-rotmann\">more<\/a>.<\/p>\n<\/div><\/div>\n\n\n\n<div class=\"wp-block-media-text is-stacked-on-mobile\" style=\"grid-template-columns:15% auto\"><figure class=\"wp-block-media-text__media\"><img loading=\"lazy\" decoding=\"async\" width=\"1024\" height=\"1024\" src=\"https:\/\/longevity.ee\/wp-content\/uploads\/2025\/10\/Dr.-Thomas-M.-Platzer-1024x1024.png\" alt=\"\" class=\"wp-image-615 size-full\" srcset=\"https:\/\/longevity.ee\/wp-content\/uploads\/2025\/10\/Dr.-Thomas-M.-Platzer-1024x1024.png 1024w, https:\/\/longevity.ee\/wp-content\/uploads\/2025\/10\/Dr.-Thomas-M.-Platzer-300x300.png 300w, https:\/\/longevity.ee\/wp-content\/uploads\/2025\/10\/Dr.-Thomas-M.-Platzer-150x150.png 150w, https:\/\/longevity.ee\/wp-content\/uploads\/2025\/10\/Dr.-Thomas-M.-Platzer-768x768.png 768w, https:\/\/longevity.ee\/wp-content\/uploads\/2025\/10\/Dr.-Thomas-M.-Platzer-1536x1536.png 1536w, https:\/\/longevity.ee\/wp-content\/uploads\/2025\/10\/Dr.-Thomas-M.-Platzer-2048x2048.png 2048w, https:\/\/longevity.ee\/wp-content\/uploads\/2025\/10\/Dr.-Thomas-M.-Platzer-12x12.png 12w, https:\/\/longevity.ee\/wp-content\/uploads\/2025\/10\/Dr.-Thomas-M.-Platzer-1320x1320.png 1320w\" sizes=\"auto, (max-width: 1024px) 100vw, 1024px\" \/><\/figure><div class=\"wp-block-media-text__content\">\n<p><strong>Dr. Thomas M. Platzer<\/strong> is a German physician specialized in preventive and nutritional medicine with extensive expertise in sports medicine, endocrinology, and longevity-focused care. Read <a href=\"https:\/\/longevity.ee\/en\/esinejad\/dr-thomas-m-platzer\/\" title=\"Dr. Thomas M. Platzer\">more<\/a>.<\/p>\n<\/div><\/div>\n\n\n\n<div class=\"wp-block-media-text is-stacked-on-mobile\" style=\"grid-template-columns:15% auto\"><figure class=\"wp-block-media-text__media\"><img loading=\"lazy\" decoding=\"async\" width=\"1024\" height=\"1024\" src=\"https:\/\/longevity.ee\/wp-content\/uploads\/2025\/10\/Doc-Samad-1024x1024.png\" alt=\"\" class=\"wp-image-614 size-full\" srcset=\"https:\/\/longevity.ee\/wp-content\/uploads\/2025\/10\/Doc-Samad-1024x1024.png 1024w, https:\/\/longevity.ee\/wp-content\/uploads\/2025\/10\/Doc-Samad-300x300.png 300w, https:\/\/longevity.ee\/wp-content\/uploads\/2025\/10\/Doc-Samad-150x150.png 150w, https:\/\/longevity.ee\/wp-content\/uploads\/2025\/10\/Doc-Samad-768x768.png 768w, https:\/\/longevity.ee\/wp-content\/uploads\/2025\/10\/Doc-Samad-1536x1536.png 1536w, https:\/\/longevity.ee\/wp-content\/uploads\/2025\/10\/Doc-Samad-2048x2048.png 2048w, https:\/\/longevity.ee\/wp-content\/uploads\/2025\/10\/Doc-Samad-12x12.png 12w, https:\/\/longevity.ee\/wp-content\/uploads\/2025\/10\/Doc-Samad-1320x1320.png 1320w\" sizes=\"auto, (max-width: 1024px) 100vw, 1024px\" \/><\/figure><div class=\"wp-block-media-text__content\">\n<p><strong>Doc Samad<\/strong>&nbsp;(Samad\/Abdessamad Benalla) is a social media creator and trainer working in the fields of sexual health and aesthetic well-being. He is active on Instagram under the handle @doc_samad, where he has approximately 2\u20132.5 million followers. Read&nbsp;<a href=\"https:\/\/longevity.ee\/en\/esinejad\/doc-samad\/\">more<\/a>.<\/p>\n<\/div><\/div>\n\n\n\n<div class=\"wp-block-media-text is-stacked-on-mobile is-vertically-aligned-top\" style=\"grid-template-columns:15% auto\"><figure class=\"wp-block-media-text__media\"><img loading=\"lazy\" decoding=\"async\" width=\"1024\" height=\"1024\" src=\"https:\/\/longevity.ee\/wp-content\/uploads\/2025\/10\/Dr.-Lasarus-Mitrofanoff-1024x1024.png\" alt=\"\" class=\"wp-image-609 size-full\" srcset=\"https:\/\/longevity.ee\/wp-content\/uploads\/2025\/10\/Dr.-Lasarus-Mitrofanoff-1024x1024.png 1024w, https:\/\/longevity.ee\/wp-content\/uploads\/2025\/10\/Dr.-Lasarus-Mitrofanoff-300x300.png 300w, https:\/\/longevity.ee\/wp-content\/uploads\/2025\/10\/Dr.-Lasarus-Mitrofanoff-150x150.png 150w, https:\/\/longevity.ee\/wp-content\/uploads\/2025\/10\/Dr.-Lasarus-Mitrofanoff-768x768.png 768w, https:\/\/longevity.ee\/wp-content\/uploads\/2025\/10\/Dr.-Lasarus-Mitrofanoff-1536x1536.png 1536w, https:\/\/longevity.ee\/wp-content\/uploads\/2025\/10\/Dr.-Lasarus-Mitrofanoff-2048x2048.png 2048w, https:\/\/longevity.ee\/wp-content\/uploads\/2025\/10\/Dr.-Lasarus-Mitrofanoff-12x12.png 12w, https:\/\/longevity.ee\/wp-content\/uploads\/2025\/10\/Dr.-Lasarus-Mitrofanoff-1320x1320.png 1320w\" sizes=\"auto, (max-width: 1024px) 100vw, 1024px\" \/><\/figure><div class=\"wp-block-media-text__content\">\n<p><strong>Dr. Lasarus Mitrofanoff<\/strong>, M.D., Ph.D., is an experienced gynecologist and aesthetic medicine specialist with over two decades of clinical practice. A graduate of Oulu University in Finland, he earned his Ph.D. in 1995. Read&nbsp;<a href=\"https:\/\/longevity.ee\/en\/esinejad\/dr-lasarus-mitrofanoff\/\">more<\/a>.<\/p>\n<\/div><\/div>\n\n\n\n<div class=\"wp-block-media-text is-stacked-on-mobile is-vertically-aligned-top\" style=\"grid-template-columns:15% auto\"><figure class=\"wp-block-media-text__media\"><img loading=\"lazy\" decoding=\"async\" width=\"1024\" height=\"1024\" src=\"https:\/\/longevity.ee\/wp-content\/uploads\/2025\/10\/Dr.-Mari-Laasma-1024x1024.png\" alt=\"\" class=\"wp-image-610 size-full\" srcset=\"https:\/\/longevity.ee\/wp-content\/uploads\/2025\/10\/Dr.-Mari-Laasma-1024x1024.png 1024w, https:\/\/longevity.ee\/wp-content\/uploads\/2025\/10\/Dr.-Mari-Laasma-300x300.png 300w, https:\/\/longevity.ee\/wp-content\/uploads\/2025\/10\/Dr.-Mari-Laasma-150x150.png 150w, https:\/\/longevity.ee\/wp-content\/uploads\/2025\/10\/Dr.-Mari-Laasma-768x768.png 768w, https:\/\/longevity.ee\/wp-content\/uploads\/2025\/10\/Dr.-Mari-Laasma-1536x1536.png 1536w, https:\/\/longevity.ee\/wp-content\/uploads\/2025\/10\/Dr.-Mari-Laasma-2048x2048.png 2048w, https:\/\/longevity.ee\/wp-content\/uploads\/2025\/10\/Dr.-Mari-Laasma-12x12.png 12w, https:\/\/longevity.ee\/wp-content\/uploads\/2025\/10\/Dr.-Mari-Laasma-1320x1320.png 1320w\" sizes=\"auto, (max-width: 1024px) 100vw, 1024px\" \/><\/figure><div class=\"wp-block-media-text__content\">\n<p><strong>Dr. Mari Laasma&nbsp;<\/strong>is a pediatric surgeon who has specialized in the surgical treatment of benign skin lesions, which has made plastic surgery and aesthetics especially close to her heart. Read&nbsp;<a href=\"https:\/\/longevity.ee\/en\/esinejad\/dr-mari-laasma\/\">more<\/a>.<\/p>\n<\/div><\/div>\n\n\n\n<div class=\"wp-block-media-text is-stacked-on-mobile is-vertically-aligned-top\" style=\"grid-template-columns:15% auto\"><figure class=\"wp-block-media-text__media\"><img loading=\"lazy\" decoding=\"async\" width=\"1024\" height=\"1024\" src=\"https:\/\/longevity.ee\/wp-content\/uploads\/2025\/10\/Merike-Seer-MD-1-1024x1024.png\" alt=\"\" class=\"wp-image-627 size-full\" srcset=\"https:\/\/longevity.ee\/wp-content\/uploads\/2025\/10\/Merike-Seer-MD-1-1024x1024.png 1024w, https:\/\/longevity.ee\/wp-content\/uploads\/2025\/10\/Merike-Seer-MD-1-300x300.png 300w, https:\/\/longevity.ee\/wp-content\/uploads\/2025\/10\/Merike-Seer-MD-1-150x150.png 150w, https:\/\/longevity.ee\/wp-content\/uploads\/2025\/10\/Merike-Seer-MD-1-768x768.png 768w, https:\/\/longevity.ee\/wp-content\/uploads\/2025\/10\/Merike-Seer-MD-1-1536x1536.png 1536w, https:\/\/longevity.ee\/wp-content\/uploads\/2025\/10\/Merike-Seer-MD-1-2048x2048.png 2048w, https:\/\/longevity.ee\/wp-content\/uploads\/2025\/10\/Merike-Seer-MD-1-12x12.png 12w, https:\/\/longevity.ee\/wp-content\/uploads\/2025\/10\/Merike-Seer-MD-1-1320x1320.png 1320w\" sizes=\"auto, (max-width: 1024px) 100vw, 1024px\" \/><\/figure><div class=\"wp-block-media-text__content\">\n<p><strong>Merike Seer<\/strong>, MD, on Eesti arst, kelle karj\u00e4\u00e4r \u00fchendab kliinilise meditsiini ja rakuteaduse uusimad arengud. Ta on l\u00f5petanud Tartu \u00dclikooli arstiteaduskonna ning t\u00f6\u00f6tanud arstina nii Eestis kui ka Soomes, enne kui suunas oma fookuse kudede ja rakkude uurimisele. Loe\u00a0<a href=\"https:\/\/longevity.ee\/en\/esinejad\/dr-merike-seer\/\" title=\"Dr. Merike Seer\">more<\/a>.<\/p>\n<\/div><\/div>\n\n\n\n<div class=\"wp-block-media-text is-stacked-on-mobile is-vertically-aligned-top\" style=\"grid-template-columns:15% auto\"><figure class=\"wp-block-media-text__media\"><img decoding=\"async\" src=\"https:\/\/longevity.ee\/wp-content\/uploads\/2025\/10\/DR.-Maibrit-Schamardin-2.png\" alt=\"\" class=\"wp-image-628 size-full\"\/><\/figure><div class=\"wp-block-media-text__content\">\n<p><strong>Dr. Maibrit Schamardin<\/strong>&nbsp;is a board-certified internal medicine physician and founder of&nbsp;<em>Avalon Health<\/em>&nbsp;, with nearly 20 years of experience as a physician. Over the past 8 years, she has focused on functional and preventive medicine, women\u2019s health, and longevity. Read&nbsp;<a href=\"https:\/\/longevity.ee\/en\/esinejad\/dr-maibrit-schamardin\/\">more<\/a>.<\/p>\n<\/div><\/div>\n<\/div>","protected":false},"excerpt":{"rendered":"<p>Dr. Anoob Pakkar-Hull, MBBS, MRCA, EDRA, on Ameerika Esteetilise Meditsiini Akadeemia (AAAM) poolt sertifitseeritud ning rahvusvaheliselt tunnustatud esteetikaarst, kellel on \u00fcle 25 aasta meditsiinilist kogemust. Loe&nbsp;lisa. Dr. Carlos Zito Cifuentes&nbsp;on rahvusvaheliselt tunnustatud esteetikaarst Barcelonas, kes on tuntud oma ekspertteadmiste poolest ultraheli juhitud n\u00e4ohoolduste ja n\u00e4o harmoniseerimise valdkonnas. Loe&nbsp;lisa. Dr. Andre-Robert Rotmann, M.D., on Saksa g\u00fcnekoloog [&hellip;]<\/p>\n","protected":false},"author":1,"featured_media":0,"parent":0,"menu_order":0,"comment_status":"closed","ping_status":"closed","template":"page-with-title","meta":{"_monsterinsights_skip_tracking":false,"_monsterinsights_sitenote_active":false,"_monsterinsights_sitenote_note":"","_monsterinsights_sitenote_category":0,"footnotes":""},"class_list":["post-390","page","type-page","status-publish","hentry"],"aioseo_notices":[],"jetpack_sharing_enabled":true,"_links":{"self":[{"href":"https:\/\/longevity.ee\/en\/wp-json\/wp\/v2\/pages\/390","targetHints":{"allow":["GET"]}}],"collection":[{"href":"https:\/\/longevity.ee\/en\/wp-json\/wp\/v2\/pages"}],"about":[{"href":"https:\/\/longevity.ee\/en\/wp-json\/wp\/v2\/types\/page"}],"author":[{"embeddable":true,"href":"https:\/\/longevity.ee\/en\/wp-json\/wp\/v2\/users\/1"}],"replies":[{"embeddable":true,"href":"https:\/\/longevity.ee\/en\/wp-json\/wp\/v2\/comments?post=390"}],"version-history":[{"count":31,"href":"https:\/\/longevity.ee\/en\/wp-json\/wp\/v2\/pages\/390\/revisions"}],"predecessor-version":[{"id":972,"href":"https:\/\/longevity.ee\/en\/wp-json\/wp\/v2\/pages\/390\/revisions\/972"}],"wp:attachment":[{"href":"https:\/\/longevity.ee\/en\/wp-json\/wp\/v2\/media?parent=390"}],"curies":[{"name":"wp","href":"https:\/\/api.w.org\/{rel}","templated":true}]}}