{"id":304,"date":"2024-06-11T08:32:12","date_gmt":"2024-06-11T08:32:12","guid":{"rendered":"https:\/\/longevity.ee\/?page_id=304"},"modified":"2024-06-11T08:32:14","modified_gmt":"2024-06-11T08:32:14","slug":"meditsiiniline-lahtiutlus","status":"publish","type":"page","link":"https:\/\/longevity.ee\/en\/meditsiiniline-lahtiutlus\/","title":{"rendered":"Meditsiiniline lahti\u00fctlus"},"content":{"rendered":"<p>O\u00dc Elite Lab, registrikood: 14846321<\/p>\n\n\n\n<p>Meie veebisait pakub tervisealast teavet, mis ei asenda professionaalset meditsiinilist n\u00f5u. <\/p>\n\n\n\n<h4 class=\"wp-block-heading\">Konsulteerimine<\/h4>\n\n\n\n<p>Enne mis tahes tervisealase teabe p\u00f5hjal tegutsemist konsulteerige alati tervishoiut\u00f6\u00f6tajaga.<\/p>","protected":false},"excerpt":{"rendered":"<p>O\u00dc Elite Lab, registrikood: 14846321 Meie veebisait pakub tervisealast teavet, mis ei asenda professionaalset meditsiinilist n\u00f5u. Konsulteerimine Enne mis tahes tervisealase teabe p\u00f5hjal tegutsemist konsulteerige alati tervishoiut\u00f6\u00f6tajaga.<\/p>","protected":false},"author":1,"featured_media":0,"parent":0,"menu_order":0,"comment_status":"closed","ping_status":"closed","template":"","meta":{"_monsterinsights_skip_tracking":false,"_monsterinsights_sitenote_active":false,"_monsterinsights_sitenote_note":"","_monsterinsights_sitenote_category":0,"footnotes":""},"class_list":["post-304","page","type-page","status-publish","hentry"],"aioseo_notices":[],"jetpack_sharing_enabled":true,"_links":{"self":[{"href":"https:\/\/longevity.ee\/en\/wp-json\/wp\/v2\/pages\/304","targetHints":{"allow":["GET"]}}],"collection":[{"href":"https:\/\/longevity.ee\/en\/wp-json\/wp\/v2\/pages"}],"about":[{"href":"https:\/\/longevity.ee\/en\/wp-json\/wp\/v2\/types\/page"}],"author":[{"embeddable":true,"href":"https:\/\/longevity.ee\/en\/wp-json\/wp\/v2\/users\/1"}],"replies":[{"embeddable":true,"href":"https:\/\/longevity.ee\/en\/wp-json\/wp\/v2\/comments?post=304"}],"version-history":[{"count":1,"href":"https:\/\/longevity.ee\/en\/wp-json\/wp\/v2\/pages\/304\/revisions"}],"predecessor-version":[{"id":305,"href":"https:\/\/longevity.ee\/en\/wp-json\/wp\/v2\/pages\/304\/revisions\/305"}],"wp:attachment":[{"href":"https:\/\/longevity.ee\/en\/wp-json\/wp\/v2\/media?parent=304"}],"curies":[{"name":"wp","href":"https:\/\/api.w.org\/{rel}","templated":true}]}}