{"id":210,"date":"2024-06-07T19:13:58","date_gmt":"2024-06-07T19:13:58","guid":{"rendered":"https:\/\/longevity.ee\/?page_id=210"},"modified":"2025-10-23T10:35:29","modified_gmt":"2025-10-23T10:35:29","slug":"progesteroon","status":"publish","type":"page","link":"https:\/\/longevity.ee\/en\/naine\/progesteroon\/","title":{"rendered":"Progesterone"},"content":{"rendered":"<h2 class=\"wp-block-heading alignwide has-text-align-left\" style=\"border-radius:0px;margin-top:var(--wp--preset--spacing--30);margin-bottom:var(--wp--preset--spacing--30)\">Progesterone<\/h2>\n\n\n\n<div class=\"wp-block-group alignfull has-tertiary-background-color has-background has-global-padding is-layout-constrained wp-container-core-group-is-layout-52154694 wp-block-group-is-layout-constrained\" style=\"margin-top:0;margin-bottom:0;padding-top:0;padding-right:0;padding-bottom:0;padding-left:0\">\n<div class=\"wp-block-columns alignwide is-layout-flex wp-container-core-columns-is-layout-47c06fe3 wp-block-columns-is-layout-flex\">\n<div class=\"wp-block-column is-vertically-aligned-center is-layout-flow wp-block-column-is-layout-flow\" style=\"flex-basis:60%\">\n<p>Progesterone is a female sex hormone that plays an important role in the menstrual cycle and maintaining pregnancy. The body produces this hormone mainly in: 1) the ovaries, particularly by the corpus luteum after ovulation, 2) the adrenal glands in small amounts, and 3) the placenta during pregnancy.<\/p>\n\n\n\n<p>Main Functions of Progesterone<\/p>\n\n\n\n<ol class=\"wp-block-list\">\n<li><strong>Menstrual cycle<\/strong> \u2013 Progesterone prepares the uterine lining to receive a fertilized egg. If pregnancy does not occur, progesterone levels drop, causing the uterine lining to shed and menstruation to begin.<\/li>\n\n\n\n<li><strong>Pregnancy<\/strong> \u2013 During pregnancy, progesterone helps maintain the uterine lining and support fetal development. It also reduces uterine contractions, helping to prevent premature labor.<\/li>\n\n\n\n<li><strong>Mammary glands<\/strong> \u2013 Progesterone stimulates the development of breast tissue and prepares it for milk production during breastfeeding.<\/li>\n\n\n\n<li><strong>Hormonal balance<\/strong> \u2013 Progesterone also acts as an antagonist to other hormones, such as estrogen, helping maintain hormonal balance in the body.<\/li>\n<\/ol>\n\n\n\n<p>Progesterone is also used in medicine to treat various conditions, including hormonal imbalances, menstrual cycle problems, and the relief of menopausal symptoms. It is often administered as part of hormone replacement therapy (HRT) for some women, to reduce the risk of estrogen-induced thickening of the uterine lining and potential endometrial cancer.<\/p>\n<\/div>\n\n\n\n<div class=\"wp-block-column is-vertically-aligned-top is-layout-flow wp-container-core-column-is-layout-f5bb311e wp-block-column-is-layout-flow\" style=\"flex-basis:50%\">\n<figure class=\"wp-block-image size-full is-resized\"><img loading=\"lazy\" decoding=\"async\" width=\"1880\" height=\"1199\" src=\"https:\/\/longevity.ee\/wp-content\/uploads\/2024\/06\/pexels-photo-1556671.jpeg\" alt=\"person s tummy and hand\" class=\"wp-image-211\" style=\"aspect-ratio:1.3333333333333333;object-fit:cover;width:435px;height:auto\" srcset=\"https:\/\/longevity.ee\/wp-content\/uploads\/2024\/06\/pexels-photo-1556671.jpeg 1880w, https:\/\/longevity.ee\/wp-content\/uploads\/2024\/06\/pexels-photo-1556671-300x191.jpeg 300w, https:\/\/longevity.ee\/wp-content\/uploads\/2024\/06\/pexels-photo-1556671-1024x653.jpeg 1024w, https:\/\/longevity.ee\/wp-content\/uploads\/2024\/06\/pexels-photo-1556671-768x490.jpeg 768w, https:\/\/longevity.ee\/wp-content\/uploads\/2024\/06\/pexels-photo-1556671-1536x980.jpeg 1536w, https:\/\/longevity.ee\/wp-content\/uploads\/2024\/06\/pexels-photo-1556671-1320x842.jpeg 1320w, https:\/\/longevity.ee\/wp-content\/uploads\/2024\/06\/pexels-photo-1556671-600x383.jpeg 600w\" sizes=\"auto, (max-width: 1880px) 100vw, 1880px\" \/><\/figure>\n<\/div>\n<\/div>\n<\/div>","protected":false},"excerpt":{"rendered":"<p>Progesteroon Progesteroon on naissuguhormoon, millel on oluline roll menstruaalts\u00fcklis ja raseduse s\u00e4ilitamises. Keha toodab seda hormooni peamiselt 1) munasarjades, eriti p\u00e4rast ovulatsiooni kollaskeha poolt, 2) v\u00e4ikestes kogustes neerupealistes ja 3) platsentas raseduse ajal. Peamised progesterooni funktsioonid Progesterooni kasutatakse ka meditsiinis erinevate seisundite raviks, sealhulgas hormonaalse tasakaalu h\u00e4irete, menstruaalts\u00fckli probleemide ja menopausi s\u00fcmptomite leevendamiseks. Progesterooni manustatakse [&hellip;]<\/p>\n","protected":false},"author":1,"featured_media":0,"parent":21,"menu_order":5,"comment_status":"closed","ping_status":"closed","template":"no-title-sticky-header","meta":{"_monsterinsights_skip_tracking":false,"_monsterinsights_sitenote_active":false,"_monsterinsights_sitenote_note":"","_monsterinsights_sitenote_category":0,"footnotes":""},"class_list":["post-210","page","type-page","status-publish","hentry"],"aioseo_notices":[],"jetpack_sharing_enabled":true,"_links":{"self":[{"href":"https:\/\/longevity.ee\/en\/wp-json\/wp\/v2\/pages\/210","targetHints":{"allow":["GET"]}}],"collection":[{"href":"https:\/\/longevity.ee\/en\/wp-json\/wp\/v2\/pages"}],"about":[{"href":"https:\/\/longevity.ee\/en\/wp-json\/wp\/v2\/types\/page"}],"author":[{"embeddable":true,"href":"https:\/\/longevity.ee\/en\/wp-json\/wp\/v2\/users\/1"}],"replies":[{"embeddable":true,"href":"https:\/\/longevity.ee\/en\/wp-json\/wp\/v2\/comments?post=210"}],"version-history":[{"count":5,"href":"https:\/\/longevity.ee\/en\/wp-json\/wp\/v2\/pages\/210\/revisions"}],"predecessor-version":[{"id":941,"href":"https:\/\/longevity.ee\/en\/wp-json\/wp\/v2\/pages\/210\/revisions\/941"}],"up":[{"embeddable":true,"href":"https:\/\/longevity.ee\/en\/wp-json\/wp\/v2\/pages\/21"}],"wp:attachment":[{"href":"https:\/\/longevity.ee\/en\/wp-json\/wp\/v2\/media?parent=210"}],"curies":[{"name":"wp","href":"https:\/\/api.w.org\/{rel}","templated":true}]}}