{"id":21,"date":"2024-05-21T09:02:16","date_gmt":"2024-05-21T09:02:16","guid":{"rendered":"https:\/\/longevity.ee\/meist\/"},"modified":"2025-10-23T11:08:32","modified_gmt":"2025-10-23T11:08:32","slug":"naine","status":"publish","type":"page","link":"https:\/\/longevity.ee\/en\/naine\/","title":{"rendered":"Transforming woman"},"content":{"rendered":"<div class=\"wp-block-group alignfull has-tertiary-background-color has-background has-global-padding is-layout-constrained wp-block-group-is-layout-constrained\" style=\"margin-top:0;margin-bottom:0;padding-top:0\"><\/div>\n\n\n\n<div class=\"wp-block-group alignfull has-tertiary-background-color has-background has-global-padding is-layout-constrained wp-container-core-group-is-layout-14887229 wp-block-group-is-layout-constrained\" style=\"margin-top:0;margin-bottom:0;padding-top:var(--wp--preset--spacing--30);padding-right:var(--wp--preset--spacing--30);padding-bottom:var(--wp--preset--spacing--30);padding-left:var(--wp--preset--spacing--30)\">\n<div class=\"wp-block-group alignwide has-global-padding is-content-justification-left is-layout-constrained wp-container-core-group-is-layout-8b4c372c wp-block-group-is-layout-constrained\">\n<h3 class=\"wp-block-heading\">Menopause as a Taboo Topic<\/h3>\n\n\n\n<p style=\"margin-top:16px\">When a woman reaches the 40+ age group, various new symptoms begin to appear, often causing confusion and fear. I can\u2019t remember anything anymore\u2014does that mean I\u2019m becoming demented? I don\u2019t have the energy to do anything. I eat and train as usual, but I keep gaining weight. I often feel anxious and can\u2019t sleep at night.\n\nWhen we think back to our mothers, this wasn\u2019t really something people spoke about, and until recently, this subject hasn\u2019t received much attention. Yet it\u2019s clear that perimenopause already begins in the 40s, and menopause affects millions of women worldwide. It is certainly not a shameful topic but one that needs open discussion and understanding.<\/p>\n<\/div>\n<\/div>\n\n\n\n<div class=\"wp-block-group alignfull has-tertiary-background-color has-background has-global-padding is-layout-constrained wp-container-core-group-is-layout-14887229 wp-block-group-is-layout-constrained\" style=\"border-width:2px;margin-top:0;margin-bottom:0;padding-top:var(--wp--preset--spacing--30);padding-right:var(--wp--preset--spacing--30);padding-bottom:var(--wp--preset--spacing--30);padding-left:var(--wp--preset--spacing--30)\">\n<div class=\"wp-block-group alignwide has-global-padding is-content-justification-left is-layout-constrained wp-container-core-group-is-layout-8b4c372c wp-block-group-is-layout-constrained\">\n<h3 class=\"wp-block-heading\">The Science Behind Peri- and Postmenopause<\/h3>\n\n\n\n<p style=\"margin-top:16px\">Here we outline the most important aspects related to the transition period.<\/p>\n<\/div>\n\n\n\n<div class=\"wp-block-group alignwide has-tertiary-background-color has-background has-global-padding is-layout-constrained wp-container-core-group-is-layout-a666d811 wp-block-group-is-layout-constrained\" style=\"border-width:2px;padding-top:var(--wp--preset--spacing--40);padding-right:var(--wp--preset--spacing--40);padding-bottom:var(--wp--preset--spacing--40);padding-left:var(--wp--preset--spacing--40)\">\n<div class=\"wp-block-columns alignwide are-vertically-aligned-center is-layout-flex wp-container-core-columns-is-layout-08c01c1c wp-block-columns-is-layout-flex\">\n<div class=\"wp-block-column is-vertically-aligned-center is-layout-flow wp-container-core-column-is-layout-f5bb311e wp-block-column-is-layout-flow\" style=\"flex-basis:100%\">\n<p style=\"font-size:clamp(20px, 1.25rem + ((1vw - 3.2px) * 1.25), 32px);font-style:normal;font-weight:600;line-height:1.4\">Did you know that<\/p>\n\n\n\n<ol class=\"wp-block-list\">\n<li>At any given time, about 30% of the world\u2019s women are either peri- or postmenopausal.<\/li>\n\n\n\n<li>On average, women spend 40% of their lifespan in postmenopause.<\/li>\n\n\n\n<li>Hot flashes are thought to be the main symptom, but in surveys, they only appear as the fifth most common symptom\u2014after sleep disturbances, anxiety, brain fog, and weight gain.&nbsp;&nbsp;<\/li>\n\n\n\n<li>Even \u201cfrozen shoulder syndrome\u201d can be a symptom of perimenopause.<\/li>\n\n\n\n<li>Perimenopause is difficult to diagnose because hormone levels fluctuate daily, and there is no single definitive test.<\/li>\n<\/ol>\n<\/div>\n<\/div>\n<\/div>\n\n\n\n<div class=\"wp-block-columns alignwide is-layout-flex wp-container-core-columns-is-layout-aee59796 wp-block-columns-is-layout-flex\" style=\"border-width:2px;margin-top:32px\">\n<div class=\"wp-block-column has-tertiary-background-color has-background is-layout-flow wp-block-column-is-layout-flow\">\n<div class=\"wp-block-group has-global-padding is-layout-constrained wp-container-core-group-is-layout-80fb65f4 wp-block-group-is-layout-constrained\" style=\"padding-top:var(--wp--preset--spacing--20);padding-right:24px;padding-bottom:var(--wp--preset--spacing--20);padding-left:24px\">\n<p>These days it\u2019s emphasized that the benefit\u2013risk profile of menopausal hormone therapy (MHT\/HRT) is most favorable when treatment is started during the menopausal transition or within ~10 years after the last period and before age 60. The American Heart Association statement notes that earlier timing may be associated with lower cardiovascular risk; the decision is always individualized, assessing risks, symptoms, and the appropriate preparation.<\/p>\n\n\n\n<div class=\"wp-block-group is-nowrap is-layout-flex wp-container-core-group-is-layout-3b4e9d3e wp-block-group-is-layout-flex\">\n<div class=\"wp-block-group has-global-padding is-layout-constrained wp-block-group-is-layout-constrained\">\n<h4 class=\"wp-block-heading has-text-align-left has-small-font-size\"><a href=\"https:\/\/pubmed.ncbi.nlm.nih.gov\/35594469\/\" title=\"\">Link<\/a> to studies report<\/h4>\n<\/div>\n<\/div>\n<\/div>\n<\/div>\n\n\n\n<div class=\"wp-block-column has-tertiary-background-color has-background is-layout-flow wp-block-column-is-layout-flow\">\n<div class=\"wp-block-group has-global-padding is-layout-constrained wp-container-core-group-is-layout-24fca791 wp-block-group-is-layout-constrained\" style=\"padding-top:var(--wp--preset--spacing--30);padding-right:24px;padding-bottom:var(--wp--preset--spacing--30);padding-left:24px\">\n<p>Studies report that earlier-initiated HRT may be associated with more favorable health markers: lower blood pressure, less visceral fat, improved inflammatory markers, and lower LDL cholesterol; in many cases also better insulin tolerance. HRT also relieves hot flashes and genitourinary syndrome, improving sleep and quality of life. Outcomes depend on timing, route of administration, and individual risks, which is why medical consultation is essential.<\/p>\n\n\n\n<div class=\"wp-block-group is-nowrap is-layout-flex wp-container-core-group-is-layout-3b4e9d3e wp-block-group-is-layout-flex\">\n<div class=\"wp-block-group has-global-padding is-layout-constrained wp-block-group-is-layout-constrained\">\n<h4 class=\"wp-block-heading has-text-align-left has-small-font-size\"><a href=\"https:\/\/pubmed.ncbi.nlm.nih.gov\/33251828\/\" title=\"\">Link<\/a> to studies report<\/h4>\n<\/div>\n<\/div>\n<\/div>\n<\/div>\n\n\n\n<div class=\"wp-block-column has-tertiary-background-color has-background is-layout-flow wp-block-column-is-layout-flow\">\n<div class=\"wp-block-group has-global-padding is-layout-constrained wp-container-core-group-is-layout-80fb65f4 wp-block-group-is-layout-constrained\" style=\"padding-top:var(--wp--preset--spacing--20);padding-right:24px;padding-bottom:var(--wp--preset--spacing--20);padding-left:24px\">\n<p>In a study involving pre-, peri-, and postmenopausal women, results showed that all health indicators worsen drastically for peri- and postmenopausal women\u2014higher blood pressure, reduced insulin sensitivity, higher cholesterol, increased risk of inflammation (which, if chronic, can lead to multiple chronic diseases and cancer), and higher visceral fat, among others. For men of the same age group, the indicators also worsened but at a slower and steadier pace.<\/p>\n\n\n\n<div class=\"wp-block-group is-nowrap is-layout-flex wp-container-core-group-is-layout-3b4e9d3e wp-block-group-is-layout-flex\">\n<div class=\"wp-block-group has-global-padding is-layout-constrained wp-block-group-is-layout-constrained\">\n<h4 class=\"wp-block-heading has-text-align-left has-small-font-size\"><a href=\"https:\/\/pubmed.ncbi.nlm.nih.gov\/36270905\/\" title=\"\">Link<\/a> to studies report<\/h4>\n<\/div>\n<\/div>\n<\/div>\n<\/div>\n<\/div>\n<\/div>","protected":false},"excerpt":{"rendered":"<p>Menopausi teema kui tabu Kui naine j\u00f5uab 40+ eagruppi hakkavad ilmnema erinevad uued s\u00fcmptomid, mis esmalt tekitavad palju segadust ja hirmu. Ma ei m\u00e4leta enam midagi &#8211; kas see t\u00e4hendab, et olen dementne? Ma ei jaksa enam midagi teha. Ma s\u00f6\u00f6n ja treenin nagu ikka, aga kaal t\u00f5useb. Mul on tihti \u00e4revus ja \u00f6\u00f6sel ei [&hellip;]<\/p>\n","protected":false},"author":1,"featured_media":0,"parent":0,"menu_order":0,"comment_status":"closed","ping_status":"closed","template":"no-title","meta":{"_monsterinsights_skip_tracking":false,"_monsterinsights_sitenote_active":false,"_monsterinsights_sitenote_note":"","_monsterinsights_sitenote_category":0,"footnotes":""},"class_list":["post-21","page","type-page","status-publish","hentry"],"aioseo_notices":[],"jetpack_sharing_enabled":true,"_links":{"self":[{"href":"https:\/\/longevity.ee\/en\/wp-json\/wp\/v2\/pages\/21","targetHints":{"allow":["GET"]}}],"collection":[{"href":"https:\/\/longevity.ee\/en\/wp-json\/wp\/v2\/pages"}],"about":[{"href":"https:\/\/longevity.ee\/en\/wp-json\/wp\/v2\/types\/page"}],"author":[{"embeddable":true,"href":"https:\/\/longevity.ee\/en\/wp-json\/wp\/v2\/users\/1"}],"replies":[{"embeddable":true,"href":"https:\/\/longevity.ee\/en\/wp-json\/wp\/v2\/comments?post=21"}],"version-history":[{"count":22,"href":"https:\/\/longevity.ee\/en\/wp-json\/wp\/v2\/pages\/21\/revisions"}],"predecessor-version":[{"id":968,"href":"https:\/\/longevity.ee\/en\/wp-json\/wp\/v2\/pages\/21\/revisions\/968"}],"wp:attachment":[{"href":"https:\/\/longevity.ee\/en\/wp-json\/wp\/v2\/media?parent=21"}],"curies":[{"name":"wp","href":"https:\/\/api.w.org\/{rel}","templated":true}]}}