{"id":18,"date":"2024-05-21T09:02:11","date_gmt":"2024-05-21T09:02:11","guid":{"rendered":"https:\/\/longevity.ee\/kontakt\/"},"modified":"2025-10-23T10:53:18","modified_gmt":"2025-10-23T10:53:18","slug":"kontakt","status":"publish","type":"page","link":"https:\/\/longevity.ee\/en\/kontakt\/","title":{"rendered":"Contact"},"content":{"rendered":"<div class=\"wp-block-cover alignfull\" style=\"padding-top:0;padding-right:0;padding-bottom:0;padding-left:0;min-height:50px;aspect-ratio:unset;\"><img loading=\"lazy\" decoding=\"async\" width=\"156\" height=\"156\" class=\"wp-block-cover__image-background wp-image-297 size-full\" alt=\"\" src=\"https:\/\/longevity.ee\/wp-content\/uploads\/2024\/06\/ReverseProduct1.png\" data-object-fit=\"cover\" srcset=\"https:\/\/longevity.ee\/wp-content\/uploads\/2024\/06\/ReverseProduct1.png 156w, https:\/\/longevity.ee\/wp-content\/uploads\/2024\/06\/ReverseProduct1-150x150.png 150w, https:\/\/longevity.ee\/wp-content\/uploads\/2024\/06\/ReverseProduct1-100x100.png 100w\" sizes=\"auto, (max-width: 156px) 100vw, 156px\" \/><span aria-hidden=\"true\" class=\"wp-block-cover__background has-black-background-color has-background-dim-60 has-background-dim\"><\/span><div class=\"wp-block-cover__inner-container is-layout-flow wp-block-cover-is-layout-flow\">\n<div class=\"wp-block-group has-global-padding is-layout-constrained wp-container-core-group-is-layout-dc79e9a9 wp-block-group-is-layout-constrained has-background\" style=\"padding-top:var(--wp--preset--spacing--60);padding-right:var(--wp--preset--spacing--30);padding-bottom:var(--wp--preset--spacing--60);padding-left:var(--wp--preset--spacing--30);background-image:url(&apos;https:\/\/longevity.ee\/wp-content\/uploads\/2025\/02\/naineEriVanuses.png&apos;);background-position:47% 44%;background-size:cover;\">\n<h1 class=\"wp-block-heading has-text-align-center has-text-color has-x-large-font-size\" style=\"color:#fffffffc\"><\/h1>\n<\/div>\n<\/div><\/div>\n\n\n\n<div class=\"wp-block-group alignfull has-tertiary-background-color has-background has-global-padding is-layout-constrained wp-container-core-group-is-layout-3107f1e8 wp-block-group-is-layout-constrained\" style=\"margin-top:0;margin-bottom:0;padding-top:var(--wp--preset--spacing--40);padding-right:var(--wp--preset--spacing--30);padding-bottom:var(--wp--preset--spacing--40);padding-left:var(--wp--preset--spacing--30)\">\n<div class=\"wp-block-columns is-layout-flex wp-container-core-columns-is-layout-6880d07a wp-block-columns-is-layout-flex\" style=\"padding-top:0;padding-bottom:0\">\n<div class=\"wp-block-column is-layout-flow wp-block-column-is-layout-flow\">\n<p>Tere tulemast meie veebisaidile! Oleme REVERSE tiim &#8211; kogenud ja p\u00fchendunud terviseeksperdid ja heas m\u00f5ttes fanaatikud, kes otsivad lahendusi sinu tervise ja ilu parandamiseks. Spetsialiseerume naiste elukvaliteedi t\u00f5stmisele peri- ja postmenopausiajal, et naiste viimased 40aastat oleks t\u00e4isv\u00e4\u00e4rtuslikud ja ennetatavate haiguste vabad.<br><strong>dr. Mari Laasma<\/strong> tiim<\/p>\n<\/div>\n\n\n\n<div class=\"wp-block-column is-layout-flow wp-block-column-is-layout-flow\">\n<p><strong>Marimed O\u00dc<br><\/strong>Registration code 14794883 <br>Meistri 22,<br>Tallinn, Eesti<br>info(@)longevity.ee<\/p>\n<\/div>\n<\/div>\n<\/div>","protected":false},"excerpt":{"rendered":"<p>Tere tulemast meie veebisaidile! Oleme REVERSE tiim &#8211; kogenud ja p\u00fchendunud terviseeksperdid ja heas m\u00f5ttes fanaatikud, kes otsivad lahendusi sinu tervise ja ilu parandamiseks. Spetsialiseerume naiste elukvaliteedi t\u00f5stmisele peri- ja postmenopausiajal, et naiste viimased 40aastat oleks t\u00e4isv\u00e4\u00e4rtuslikud ja ennetatavate haiguste vabad.dr. Mari Laasma tiim Marimed O\u00dcregistrikood 14794883 Meistri 22,Tallinn, Eestiinfo(@)longevity.ee<\/p>","protected":false},"author":1,"featured_media":0,"parent":0,"menu_order":0,"comment_status":"closed","ping_status":"closed","template":"no-title","meta":{"_monsterinsights_skip_tracking":false,"_monsterinsights_sitenote_active":false,"_monsterinsights_sitenote_note":"","_monsterinsights_sitenote_category":0,"footnotes":""},"class_list":["post-18","page","type-page","status-publish","hentry"],"aioseo_notices":[],"jetpack_sharing_enabled":true,"_links":{"self":[{"href":"https:\/\/longevity.ee\/en\/wp-json\/wp\/v2\/pages\/18","targetHints":{"allow":["GET"]}}],"collection":[{"href":"https:\/\/longevity.ee\/en\/wp-json\/wp\/v2\/pages"}],"about":[{"href":"https:\/\/longevity.ee\/en\/wp-json\/wp\/v2\/types\/page"}],"author":[{"embeddable":true,"href":"https:\/\/longevity.ee\/en\/wp-json\/wp\/v2\/users\/1"}],"replies":[{"embeddable":true,"href":"https:\/\/longevity.ee\/en\/wp-json\/wp\/v2\/comments?post=18"}],"version-history":[{"count":18,"href":"https:\/\/longevity.ee\/en\/wp-json\/wp\/v2\/pages\/18\/revisions"}],"predecessor-version":[{"id":954,"href":"https:\/\/longevity.ee\/en\/wp-json\/wp\/v2\/pages\/18\/revisions\/954"}],"wp:attachment":[{"href":"https:\/\/longevity.ee\/en\/wp-json\/wp\/v2\/media?parent=18"}],"curies":[{"name":"wp","href":"https:\/\/api.w.org\/{rel}","templated":true}]}}